{"id":970,"date":"2018-05-21T05:54:48","date_gmt":"2018-05-21T05:54:48","guid":{"rendered":"http:\/\/lmsdemo.loc\/lms-white\/?page_id=7"},"modified":"2023-09-29T18:54:56","modified_gmt":"2023-09-29T18:54:56","slug":"home-2","status":"publish","type":"page","link":"https:\/\/moronlu18.com\/wordpress\/","title":{"rendered":"Home"},"content":{"rendered":"\n<div data-elementor-type=\"wp-page\" data-elementor-id=\"970\" class=\"elementor elementor-970\" data-elementor-post-type=\"page\">\n<div class=\"elementor-element elementor-element-5ad01a4 e-flex e-con-boxed e-con e-parent\" data-id=\"5ad01a4\" data-element_type=\"container\" data-e-type=\"container\">\n<div class=\"e-con-inner\">\n<div class=\"elementor-element elementor-element-d70c678 e-con-full e-flex e-con e-child\" data-id=\"d70c678\" data-element_type=\"container\" data-e-type=\"container\">\n\t\t\t\t<\/div>\n<div class=\"elementor-element elementor-element-37b01b8 elementor-widget elementor-widget-stm_lms_courses_grid\" data-id=\"37b01b8\" data-element_type=\"widget\" data-e-type=\"widget\" data-widget_type=\"stm_lms_courses_grid.default\">\n<div class=\"elementor-widget-container\">\n<div class=\"stm_lms_courses_grid stm_lms_courses\">\n<div class=\"stm_lms_courses_grid__top showing\">\n<div class=\"stm_lms_courses_grid__counter\">\n<h3>\n\t\t\t\t\tTotal: <strong>3 cursos<\/strong>\t\t\t\t\t<a class=\"stm_lms_courses_grid__all\" href=\"https:\/\/moronlu18.com\/wordpress\/\"><br \/>\n\t\t\t\t\t\tVer todo\t\t\t\t\t<\/a><br \/>\n\t\t\t\t<\/h3>\n<\/p><\/div>\n<div class=\"stm_lms_courses_grid__sort heading_font stm_lms_grid_sort_module showing\"\n\t\t\t\tdata-text=\"Ordenar por:\"><br \/>\n\t\t\t<select class=\"no-search\"><option value=\"date_high\">Fecha de lanzamiento (los m\u00e1s recientes primero)<\/option><option value=\"date_low\">Fecha de lanzamiento (los m\u00e1s antiguos primero)<\/option><option value=\"popular\">Popular (lo m\u00e1s visto)<\/option><\/select>\n\t\t<\/div>\n<\/p><\/div>\n<div class=\"stm_lms_courses__grid stm_lms_courses__grid_3 stm_lms_courses__grid_center  stm_lms_courses__grid_found_3\"\n\t\tdata-pages=\"1\"><\/p>\n<div class=\"stm_lms_courses__single stm_lms_courses__single_animation no-sale style_1 \">\n<div class=\"stm_lms_courses__single__inner\">\n<div class=\"stm_lms_courses__single--image\">\n<div class=\"featured-course-container\">\n\t\t\t<\/div>\n<p>\t<a href=\"https:\/\/moronlu18.com\/wordpress\/courses\/deint-jetpack-compose\/\"\n\tclass=\"heading_font\"\n\tdata-preview=\"Vista previa de este curso\"><\/p>\n<div class=\"stm_lms_courses__single--image__container\" data-height=160px>\n\t\t\t<img decoding=\"async\" src=\"\" class=\"\">\t\t<\/div>\n<p>\t<\/a><\/p>\n<\/div>\n<div class=\"stm_lms_courses__single--inner\">\n<div class=\"stm_lms_courses__single--terms\">\n<div class=\"stm_lms_courses__single--term\">\n\t\t\tAndroid\t\t<\/div>\n<\/p><\/div>\n<div class=\"stm_lms_courses__single--title\">\n\t<a href=\"https:\/\/moronlu18.com\/wordpress\/courses\/deint-jetpack-compose\/\"><\/p>\n<h5>DEINT Jetpack Compose<\/h5>\n<p>\t<\/a>\n<\/div>\n<div class=\"stm_lms_courses__single--meta\">\n<div class=\"course_available_only_in_subscription\">\n<div class=\"course_available_only_in_subscription__image\">\n\t\t\t\t\t\t<img decoding=\"async\" src=\"https:\/\/moronlu18.com\/wordpress\/wp-content\/plugins\/masterstudy-lms-learning-management-system\/_core\/assets\/img\/members_only.svg\" alt=\"\"\/>\n\t\t\t\t\t<\/div>\n<div class=\"course_available_only_in_subscription__title\">\n\t\t\t\t\t\tSolo los miembros\t\t\t\t\t<\/div>\n<\/p><\/div>\n<\/p><\/div>\n<\/p><\/div>\n<div class=\"stm_lms_courses__single--info\">\n<div class=\"stm_lms_courses__single--info_author\">\n<div class=\"stm_lms_courses__single--info_author__avatar\">\n\t\t\t\t<img alt='' src='\/\/www.gravatar.com\/avatar\/6a12d9cd9e4413d460abd6bd0828d7ee?s=215&#038;r=g&#038;d=mm' class='avatar avatar-215 photo' height='215' width='215' \/>\t\t\t<\/div>\n<div class=\"stm_lms_courses__single--info_author__login\">\n\t\t\t\tLourdes Rodr\u00edguez Mor\u00f3n\t\t\t<\/div>\n<\/p><\/div>\n<div class=\"stm_lms_courses__single--info_title\">\n\t\t<a href=\"https:\/\/moronlu18.com\/wordpress\/courses\/deint-jetpack-compose\/\"><\/p>\n<h4>DEINT Jetpack Compose<\/h4>\n<p>\t\t<\/a>\n\t<\/div>\n<div class=\"stm_lms_courses__single--info_rate\"><\/div>\n<div class=\"stm_lms_courses__single--info_excerpt\">\n\t\t\ud83e\uddd1\u200d\ud83d\udcbb Dise\u00f1o de Interfaces en Android Descripci\u00f3n del curso: En este curso aprender\u00e1s a desarrollar aplicaciones Android modernas desde cero utilizan...\t<\/div>\n<div class=\"stm_lms_courses__single--info_meta\">\n<div class=\"stm_lms_course__meta\">\n\t\t<i class=\"stmlms-cats\"><\/i><br \/>\n\t\t67 Conferencias\t<\/div>\n<\/p><\/div>\n<div class=\"stm_lms_courses__single--info_preview\">\n\t\t<a href=\"https:\/\/moronlu18.com\/wordpress\/courses\/deint-jetpack-compose\/\" title=\"DEINT Jetpack Compose\" class=\"heading_font\"><br \/>\n\t\t\tVista previa de este curso\t\t<\/a>\n\t<\/div>\n<div class=\"stm_lms_courses__single--info_bottom\">\n<div class=\"stm-lms-wishlist\">\n\t\t<a href=\"https:\/\/moronlu18.com\/wordpress\/user-account\/\"><br \/>\n\t\t\t<i class=\"stmlms-heart-3\"><\/i><br \/>\n\t\t\t<span>A\u00f1adir a la lista de deseos<\/span><br \/>\n\t\t<\/a>\n\t<\/div>\n<div class=\"course_available_only_in_subscription\">\n<div class=\"course_available_only_in_subscription__image\">\n\t\t\t\t\t\t<img decoding=\"async\" src=\"https:\/\/moronlu18.com\/wordpress\/wp-content\/plugins\/masterstudy-lms-learning-management-system\/_core\/assets\/img\/members_only.svg\" alt=\"\"\/>\n\t\t\t\t\t<\/div>\n<div class=\"course_available_only_in_subscription__title\">\n\t\t\t\t\t\tSolo los miembros\t\t\t\t\t<\/div>\n<\/p><\/div>\n<\/p><\/div>\n<\/div><\/div>\n<\/div>\n<div class=\"stm_lms_courses__single stm_lms_courses__single_animation no-sale style_1 \">\n<div class=\"stm_lms_courses__single__inner\">\n<div class=\"stm_lms_courses__single--image\">\n<div class=\"featured-course-container\">\n\t\t\t<\/div>\n<p>\t<a href=\"https:\/\/moronlu18.com\/wordpress\/courses\/kotlin-backend-python\/\"\n\tclass=\"heading_font\"\n\tdata-preview=\"Vista previa de este curso\"><\/p>\n<div class=\"stm_lms_courses__single--image__container\" data-height=160px>\n\t\t\t<img decoding=\"async\" src=\"\" class=\"\">\t\t<\/div>\n<p>\t<\/a><\/p>\n<\/div>\n<div class=\"stm_lms_courses__single--inner\">\n<div class=\"stm_lms_courses__single--terms\">\n<div class=\"stm_lms_courses__single--term\">\n\t\t\tSoftware Development\t\t<\/div>\n<\/p><\/div>\n<div class=\"stm_lms_courses__single--title\">\n\t<a href=\"https:\/\/moronlu18.com\/wordpress\/courses\/kotlin-backend-python\/\"><\/p>\n<h5>Kotlin y backend Python<\/h5>\n<p>\t<\/a>\n<\/div>\n<div class=\"stm_lms_courses__single--meta\">\n<div class=\"course_available_only_in_subscription\">\n<div class=\"course_available_only_in_subscription__image\">\n\t\t\t\t\t\t<img decoding=\"async\" src=\"https:\/\/moronlu18.com\/wordpress\/wp-content\/plugins\/masterstudy-lms-learning-management-system\/_core\/assets\/img\/members_only.svg\" alt=\"\"\/>\n\t\t\t\t\t<\/div>\n<div class=\"course_available_only_in_subscription__title\">\n\t\t\t\t\t\tSolo los miembros\t\t\t\t\t<\/div>\n<\/p><\/div>\n<\/p><\/div>\n<\/p><\/div>\n<div class=\"stm_lms_courses__single--info\">\n<div class=\"stm_lms_courses__single--info_author\">\n<div class=\"stm_lms_courses__single--info_author__avatar\">\n\t\t\t\t<img alt='' src='\/\/www.gravatar.com\/avatar\/6a12d9cd9e4413d460abd6bd0828d7ee?s=215&#038;r=g&#038;d=mm' class='avatar avatar-215 photo' height='215' width='215' \/>\t\t\t<\/div>\n<div class=\"stm_lms_courses__single--info_author__login\">\n\t\t\t\tLourdes Rodr\u00edguez Mor\u00f3n\t\t\t<\/div>\n<\/p><\/div>\n<div class=\"stm_lms_courses__single--info_title\">\n\t\t<a href=\"https:\/\/moronlu18.com\/wordpress\/courses\/kotlin-backend-python\/\"><\/p>\n<h4>Kotlin y backend Python<\/h4>\n<p>\t\t<\/a>\n\t<\/div>\n<div class=\"stm_lms_courses__single--info_rate\"><\/div>\n<div class=\"stm_lms_courses__single--info_excerpt\">\n\t\t\ud83d\udd17 Desarrollo de Apps con Backend y API REST Descripci\u00f3n del curso: Este curso te llevar\u00e1 paso a paso a dominar la conexi\u00f3n entre el frontend m\u00f3vil ...\t<\/div>\n<div class=\"stm_lms_courses__single--info_meta\">\n<div class=\"stm_lms_course__meta\">\n\t\t<i class=\"stmlms-level\"><\/i><br \/>\n\t\tAvanzado\t<\/div>\n<div class=\"stm_lms_course__meta\">\n\t\t<i class=\"stmlms-cats\"><\/i><br \/>\n\t\t54 Conferencias\t<\/div>\n<\/p><\/div>\n<div class=\"stm_lms_courses__single--info_preview\">\n\t\t<a href=\"https:\/\/moronlu18.com\/wordpress\/courses\/kotlin-backend-python\/\" title=\"Kotlin y backend Python\" class=\"heading_font\"><br \/>\n\t\t\tVista previa de este curso\t\t<\/a>\n\t<\/div>\n<div class=\"stm_lms_courses__single--info_bottom\">\n<div class=\"stm-lms-wishlist\">\n\t\t<a href=\"https:\/\/moronlu18.com\/wordpress\/user-account\/\"><br \/>\n\t\t\t<i class=\"stmlms-heart-3\"><\/i><br \/>\n\t\t\t<span>A\u00f1adir a la lista de deseos<\/span><br \/>\n\t\t<\/a>\n\t<\/div>\n<div class=\"course_available_only_in_subscription\">\n<div class=\"course_available_only_in_subscription__image\">\n\t\t\t\t\t\t<img decoding=\"async\" src=\"https:\/\/moronlu18.com\/wordpress\/wp-content\/plugins\/masterstudy-lms-learning-management-system\/_core\/assets\/img\/members_only.svg\" alt=\"\"\/>\n\t\t\t\t\t<\/div>\n<div class=\"course_available_only_in_subscription__title\">\n\t\t\t\t\t\tSolo los miembros\t\t\t\t\t<\/div>\n<\/p><\/div>\n<\/p><\/div>\n<\/div><\/div>\n<\/div>\n<div class=\"stm_lms_courses__single stm_lms_courses__single_animation no-sale style_1 \">\n<div class=\"stm_lms_courses__single__inner\">\n<div class=\"stm_lms_courses__single--image\">\n<div class=\"featured-course-container\">\n\t\t\t<\/div>\n<p>\t<a href=\"https:\/\/moronlu18.com\/wordpress\/courses\/deint\/\"\n\tclass=\"heading_font\"\n\tdata-preview=\"Vista previa de este curso\"><\/p>\n<div class=\"stm_lms_courses__single--image__container\" data-height=160px>\n\t\t\t<img decoding=\"async\" src=\"https:\/\/i0.wp.com\/moronlu18.com\/wordpress\/wp-content\/uploads\/2021\/09\/kotlin-logo.png?resize=300%2C225&#038;ssl=1\" class=\"\">\t\t<\/div>\n<p>\t<\/a><\/p>\n<\/div>\n<div class=\"stm_lms_courses__single--inner\">\n<div class=\"stm_lms_courses__single--terms\">\n<div class=\"stm_lms_courses__single--term\">\n\t\t\tAndroid\t\t<\/div>\n<\/p><\/div>\n<div class=\"stm_lms_courses__single--title\">\n\t<a href=\"https:\/\/moronlu18.com\/wordpress\/courses\/deint\/\"><\/p>\n<h5>DEINT<\/h5>\n<p>\t<\/a>\n<\/div>\n<div class=\"stm_lms_courses__single--meta\">\n<div class=\"stm_lms_courses__single--price heading_font\">\n\t\t<strong>Gratis<\/strong>\n\t<\/div>\n<\/p><\/div>\n<\/p><\/div>\n<div class=\"stm_lms_courses__single--info\">\n<div class=\"stm_lms_courses__single--info_author\">\n<div class=\"stm_lms_courses__single--info_author__avatar\">\n\t\t\t\t<img alt='' src='\/\/www.gravatar.com\/avatar\/6a12d9cd9e4413d460abd6bd0828d7ee?s=215&#038;r=g&#038;d=mm' class='avatar avatar-215 photo' height='215' width='215' \/>\t\t\t<\/div>\n<div class=\"stm_lms_courses__single--info_author__login\">\n\t\t\t\tLourdes Rodr\u00edguez Mor\u00f3n\t\t\t<\/div>\n<\/p><\/div>\n<div class=\"stm_lms_courses__single--info_title\">\n\t\t<a href=\"https:\/\/moronlu18.com\/wordpress\/courses\/deint\/\"><\/p>\n<h4>DEINT<\/h4>\n<p>\t\t<\/a>\n\t<\/div>\n<div class=\"stm_lms_courses__single--info_rate\"><\/div>\n<div class=\"stm_lms_courses__single--info_excerpt\">\n\t\t\ud83e\uddd1\u200d\ud83d\udcbb Dise\u00f1o de Interfaces en Android Descripci\u00f3n del curso: En este curso aprender\u00e1s a desarrollar aplicaciones Android modernas desde cero utilizan...\t<\/div>\n<div class=\"stm_lms_courses__single--info_meta\">\n<div class=\"stm_lms_course__meta\">\n\t\t<i class=\"stmlms-cats\"><\/i><br \/>\n\t\t128 Conferencias\t<\/div>\n<\/p><\/div>\n<div class=\"stm_lms_courses__single--info_preview\">\n\t\t<a href=\"https:\/\/moronlu18.com\/wordpress\/courses\/deint\/\" title=\"DEINT\" class=\"heading_font\"><br \/>\n\t\t\tVista previa de este curso\t\t<\/a>\n\t<\/div>\n<div class=\"stm_lms_courses__single--info_bottom\">\n<div class=\"stm-lms-wishlist\">\n\t\t<a href=\"https:\/\/moronlu18.com\/wordpress\/user-account\/\"><br \/>\n\t\t\t<i class=\"stmlms-heart-3\"><\/i><br \/>\n\t\t\t<span>A\u00f1adir a la lista de deseos<\/span><br \/>\n\t\t<\/a>\n\t<\/div>\n<div class=\"stm_lms_courses__single--price heading_font\">\n\t\t<strong>Gratis<\/strong>\n\t<\/div>\n<\/p><\/div>\n<\/div><\/div>\n<\/div><\/div>\n<div class=\"showing\">\n<div class=\"text-center\">\n\t<a href=\"#\"\n\t\tclass=\"btn btn-default stm_lms_load_more_courses\"\n\t\tdata-offset=\"1\"\n\t\tdata-url=\"\"\n\t\tdata-args='{\"per_row\":\"3\",\"include_link\":true,\"image_size\":\"300x225\",\"course_card_style\":\"style_1\",\"course_card_info\":\"center\",\"img_container_height\":\"160\"}'><br \/>\n\t\t<span>Cargar m\u00e1s<\/span><br \/>\n\t<\/a>\n<\/div>\n<\/p><\/div>\n<\/div><\/div>\n<\/p><\/div>\n<\/p><\/div>\n<\/p><\/div>\n<\/p><\/div>\n","protected":false},"excerpt":{"rendered":"<p>Total: 2 cursos Ver todo Fecha de lanzamiento (los m\u00e1s recientes primero)Fecha de lanzamiento (los m\u00e1s antiguos primero)Puntuaci\u00f3n generalPopular (lo m\u00e1s visto) 4% Android DEINT Gratis Lourdes Rodr\u00edguez Mor\u00f3n DEINT Una interfaz de usuario (UI) lo forman un conjunto de componentes que permite al usuario interactuar y comunicarse con un dispositivo. Estos compon&#8230; 95 Conferencias [&hellip;]<\/p>\n","protected":false},"author":1,"featured_media":0,"parent":0,"menu_order":0,"comment_status":"closed","ping_status":"closed","template":"","meta":{"jetpack_post_was_ever_published":false,"footnotes":""},"class_list":["post-970","page","type-page","status-publish","hentry"],"jetpack_sharing_enabled":true,"jetpack_shortlink":"https:\/\/wp.me\/P9F10N-fE","jetpack_likes_enabled":true,"jetpack-related-posts":[],"_links":{"self":[{"href":"https:\/\/moronlu18.com\/wordpress\/wp-json\/wp\/v2\/pages\/970","targetHints":{"allow":["GET"]}}],"collection":[{"href":"https:\/\/moronlu18.com\/wordpress\/wp-json\/wp\/v2\/pages"}],"about":[{"href":"https:\/\/moronlu18.com\/wordpress\/wp-json\/wp\/v2\/types\/page"}],"author":[{"embeddable":true,"href":"https:\/\/moronlu18.com\/wordpress\/wp-json\/wp\/v2\/users\/1"}],"replies":[{"embeddable":true,"href":"https:\/\/moronlu18.com\/wordpress\/wp-json\/wp\/v2\/comments?post=970"}],"version-history":[{"count":58,"href":"https:\/\/moronlu18.com\/wordpress\/wp-json\/wp\/v2\/pages\/970\/revisions"}],"predecessor-version":[{"id":6594,"href":"https:\/\/moronlu18.com\/wordpress\/wp-json\/wp\/v2\/pages\/970\/revisions\/6594"}],"wp:attachment":[{"href":"https:\/\/moronlu18.com\/wordpress\/wp-json\/wp\/v2\/media?parent=970"}],"curies":[{"name":"wp","href":"https:\/\/api.w.org\/{rel}","templated":true}]}}